{"id":93,"date":"2025-11-14T10:24:48","date_gmt":"2025-11-14T09:24:48","guid":{"rendered":"https:\/\/clotures-vigreux.fr\/lirelasuite\/?page_id=93"},"modified":"2025-11-14T16:23:28","modified_gmt":"2025-11-14T15:23:28","slug":"referencement-seo","status":"publish","type":"page","link":"https:\/\/clotures-vigreux.fr\/lirelasuite\/referencement-seo\/","title":{"rendered":"referencement-seo"},"content":{"rendered":"<section class=\"l-section wpb_row height_small\"><div class=\"l-section-h i-cf\"><div class=\"g-cols vc_row via_grid cols_1 laptops-cols_inherit tablets-cols_inherit mobiles-cols_1 valign_top type_default stacking_default\"><div class=\"wpb_column vc_column_container\"><div class=\"vc_column-inner\"><div class=\"wpb_text_column\"><div class=\"wpb_wrapper\"><h1 class=\"vc_custom_heading vc_do_custom_heading\">R\u00e9f\u00e9rencement naturel (SEO)<\/h1>\n<\/div><\/div><div class=\"w-separator traitgauche size_small with_line width_30 thick_3 style_solid color_primary align_left\" id=\"traitgauche\"><div class=\"w-separator-h\"><\/div><\/div><div class=\"wpb_text_column\"><div class=\"wpb_wrapper\"><h2 class=\"vc_custom_heading vc_do_custom_heading\">La strat\u00e9gie SEO : une condition indispensable pour positionner votre site sur les moteurs de recherche<\/h2>\n<\/div><\/div><\/div><\/div><\/div><\/div><\/section><section class=\"l-section wpb_row height_small\"><div class=\"l-section-h i-cf\"><div class=\"g-cols vc_row via_grid cols_1 laptops-cols_inherit tablets-cols_inherit mobiles-cols_1 valign_top type_default stacking_default\"><div class=\"wpb_column vc_column_container\"><div class=\"vc_column-inner\"><div class=\"wpb_text_column\"><div class=\"wpb_wrapper\"><p>Le r\u00e9f\u00e9rencement naturel (SEO), repr\u00e9sente aujourd\u2019hui un ensemble de principes incontournables pour d\u00e9finir une strat\u00e9gie web performante. Une strat\u00e9gie SEO performante, c\u2019est un ensemble\u00a0d\u2019actions men\u00e9es pour\u00a0<strong>am\u00e9liorer le positionnement\u00a0de votre site web sur les moteurs de recherche <\/strong>et<strong>\u00a0<\/strong>remplir vos objectifs commerciaux avec un trafic cibl\u00e9 de qualit\u00e9.<\/p>\n<\/div><\/div><\/div><\/div><\/div><\/div><\/section><section class=\"l-section wpb_row height_small\"><div class=\"l-section-h i-cf\"><div class=\"g-cols vc_row via_grid cols_1 laptops-cols_inherit tablets-cols_inherit mobiles-cols_1 valign_top type_default stacking_default\"><div class=\"wpb_column vc_column_container\"><div class=\"vc_column-inner\"><div class=\"wpb_text_column\"><div class=\"wpb_wrapper\"><blockquote>\n<h2 class=\"vc_custom_heading vc_do_custom_heading vc_custom_1482312480944\">Am\u00e9liorer le positionnement de votre site web sur les moteurs de recherche<\/h2>\n<\/blockquote>\n<\/div><\/div><\/div><\/div><\/div><\/div><\/section><section class=\"l-section wpb_row height_small\"><div class=\"l-section-h i-cf\"><div class=\"g-cols vc_row via_grid cols_1 laptops-cols_inherit tablets-cols_inherit mobiles-cols_1 valign_top type_default stacking_default\"><div class=\"wpb_column vc_column_container\"><div class=\"vc_column-inner\"><div class=\"g-cols wpb_row via_grid cols_3 laptops-cols_inherit tablets-cols_inherit mobiles-cols_1 valign_top type_default stacking_default\" style=\"--columns-gap:3rem;\"><div class=\"wpb_column vc_column_container\"><div class=\"vc_column-inner\"><div class=\"wpb_text_column\"><div class=\"wpb_wrapper\"><h3 class=\"vc_custom_heading vc_do_custom_heading\"><strong>Un site optimis\u00e9 SEO : la base d&rsquo;un site visible<\/strong><\/h3>\n<p>V\u00e9ritable nerf de la guerre pour <strong>les PME qui souhaitent se faire une (bonne) place sur les moteurs de recherche<\/strong>, le SEO enveloppe pour l\u2019\u00e9quipe de Lirelasuite.fr\u00a0plusieurs actions pr\u00e9ventives ou correctives :<\/p>\n<ul>\n<li>analyse d\u2019erreurs techniques,<\/li>\n<li>balisages, r\u00e9daction de contenus optimis\u00e9s,<\/li>\n<li>r\u00e9ponses aux nouvelles r\u00e8gles impos\u00e9es par les moteurs et \u00e9volutions du web (site responsive, HTML5, HTTPS, netlinking ou d\u00e9ploiement local des identit\u00e9s num\u00e9riques\u2026).<\/li>\n<\/ul>\n<\/div><\/div><\/div><\/div><div class=\"wpb_column vc_column_container\"><div class=\"vc_column-inner\"><div class=\"wpb_text_column\"><div class=\"wpb_wrapper\"><h3 class=\"vc_custom_heading vc_do_custom_heading\"><strong>La r\u00e9daction web : le contenu est roi<\/strong><\/h3>\n<p>Pour r\u00e9ussir une bonne strat\u00e9gie SEO et gagner en visibilit\u00e9, <strong>la r\u00e9daction de contenus optimis\u00e9s et r\u00e9gulier est un enjeu essentiel<\/strong>.<\/p>\n<p>R\u00e9ussir \u00e0 produire du contenu de qualit\u00e9 sur un site optimis\u00e9 et le diffuser off-site, telles sont\u00a0les meilleures chances de visibilit\u00e9 et de succ\u00e8s pour une PME, ses produits et son identit\u00e9 de marque\u00a0sur le web.<\/p>\n<\/div><\/div><\/div><\/div><div class=\"wpb_column vc_column_container\"><div class=\"vc_column-inner\"><div class=\"wpb_text_column\"><div class=\"wpb_wrapper\"><h3 class=\"vc_custom_heading vc_do_custom_heading\"><strong>Notre expertise SEO au service de votre visibilit\u00e9<\/strong><\/h3>\n<p>Pour \u00e9tudier votre projet et \u00e9laborer ensemble une strat\u00e9gie SEO optimale, un premier contact s\u2019av\u00e8re n\u00e9cessaire.<\/p>\n<p>Notre expert SEO vous accompagnera individuellement et r\u00e9pondra \u00e0 toutes vos questions pour vous permettre d\u2019appr\u00e9hender les enjeux et int\u00e9r\u00eats d\u2019<strong>une strat\u00e9gie SEO efficace.<\/strong><\/p>\n<p>Contactez-nous pour discuter de vos objectifs en terme de visibilit\u00e9 et \u00e9tablir un devis personnalis\u00e9.<\/p>\n<\/div><\/div><\/div><\/div><\/div><\/div><\/div><\/div><\/div><\/section><section class=\"l-section wpb_row height_small\"><div class=\"l-section-h i-cf\"><div class=\"g-cols vc_row via_grid cols_1-4-1 laptops-cols_inherit tablets-cols_inherit mobiles-cols_1 valign_top type_default stacking_default\"><div class=\"wpb_column vc_column_container\"><div class=\"vc_column-inner\"><\/div><\/div><div class=\"wpb_column vc_column_container us_custom_1b75f4b0 has_text_color\"><div class=\"vc_column-overlay\" style=\"background:var(--color-content-primary)\"><\/div><div class=\"vc_column-inner\"><div class=\"wpb_text_column\"><div class=\"wpb_wrapper\"><h3><strong>Prenons rendez-vous,<\/strong><br \/>\n<strong>parlons de votre projet.<\/strong><\/h3>\n<\/div><\/div><div class=\"w-separator size_small with_line width_30 thick_1 style_solid color_text align_center\"><div class=\"w-separator-h\"><\/div><\/div><div class=\"w-btn-wrapper align_center\"><a class=\"w-btn us-btn-style_1\" href=\"https:\/\/clotures-vigreux.fr\/lirelasuite\/contact\/\"><span class=\"w-btn-label\">Contactez-nous<\/span><\/a><\/div><\/div><\/div><div class=\"wpb_column vc_column_container\"><div class=\"vc_column-inner\"><\/div><\/div><\/div><\/div><\/section>\n","protected":false},"excerpt":{"rendered":"R\u00e9f\u00e9rencement naturel (SEO) La strat\u00e9gie SEO : une condition indispensable pour positionner votre site sur les moteurs de recherche Le r\u00e9f\u00e9rencement naturel (SEO), repr\u00e9sente aujourd\u2019hui un ensemble de principes incontournables pour d\u00e9finir une strat\u00e9gie web performante. Une strat\u00e9gie SEO performante, c\u2019est un ensemble\u00a0d\u2019actions men\u00e9es pour\u00a0am\u00e9liorer le positionnement\u00a0de votre site web sur les moteurs de recherche...","protected":false},"author":1,"featured_media":0,"parent":0,"menu_order":0,"comment_status":"closed","ping_status":"closed","template":"","meta":{"footnotes":""},"class_list":["post-93","page","type-page","status-publish","hentry"],"_links":{"self":[{"href":"https:\/\/clotures-vigreux.fr\/lirelasuite\/wp-json\/wp\/v2\/pages\/93","targetHints":{"allow":["GET"]}}],"collection":[{"href":"https:\/\/clotures-vigreux.fr\/lirelasuite\/wp-json\/wp\/v2\/pages"}],"about":[{"href":"https:\/\/clotures-vigreux.fr\/lirelasuite\/wp-json\/wp\/v2\/types\/page"}],"author":[{"embeddable":true,"href":"https:\/\/clotures-vigreux.fr\/lirelasuite\/wp-json\/wp\/v2\/users\/1"}],"replies":[{"embeddable":true,"href":"https:\/\/clotures-vigreux.fr\/lirelasuite\/wp-json\/wp\/v2\/comments?post=93"}],"version-history":[{"count":7,"href":"https:\/\/clotures-vigreux.fr\/lirelasuite\/wp-json\/wp\/v2\/pages\/93\/revisions"}],"predecessor-version":[{"id":192,"href":"https:\/\/clotures-vigreux.fr\/lirelasuite\/wp-json\/wp\/v2\/pages\/93\/revisions\/192"}],"wp:attachment":[{"href":"https:\/\/clotures-vigreux.fr\/lirelasuite\/wp-json\/wp\/v2\/media?parent=93"}],"curies":[{"name":"wp","href":"https:\/\/api.w.org\/{rel}","templated":true}]}}