{"id":99,"date":"2025-11-14T10:54:19","date_gmt":"2025-11-14T09:54:19","guid":{"rendered":"https:\/\/clotures-vigreux.fr\/lirelasuite\/?page_id=99"},"modified":"2025-11-14T16:19:02","modified_gmt":"2025-11-14T15:19:02","slug":"webmarketing","status":"publish","type":"page","link":"https:\/\/clotures-vigreux.fr\/lirelasuite\/webmarketing\/","title":{"rendered":"webmarketing"},"content":{"rendered":"<section class=\"l-section wpb_row height_small\"><div class=\"l-section-h i-cf\"><div class=\"g-cols vc_row via_grid cols_1 laptops-cols_inherit tablets-cols_inherit mobiles-cols_1 valign_top type_default stacking_default\"><div class=\"wpb_column vc_column_container\"><div class=\"vc_column-inner\"><div class=\"wpb_text_column\"><div class=\"wpb_wrapper\"><h1 class=\"vc_custom_heading vc_do_custom_heading\">Webmarketing<br \/>\nles leviers pour g\u00e9n\u00e9rer des leads<\/h1>\n<\/div><\/div><div class=\"w-separator traitgauche size_small with_line width_30 thick_3 style_solid color_primary align_left\" id=\"traitgauche\"><div class=\"w-separator-h\"><\/div><\/div><div class=\"wpb_text_column\"><div class=\"wpb_wrapper\"><h2 class=\"vc_custom_heading vc_do_custom_heading\">Le webmarketing ROiste, mener des campagnes pertinentes et performantes pour atteindre vos objectifs commerciaux<\/h2>\n<\/div><\/div><\/div><\/div><\/div><\/div><\/section><section class=\"l-section wpb_row height_small\"><div class=\"l-section-h i-cf\"><div class=\"g-cols vc_row via_grid cols_1 laptops-cols_inherit tablets-cols_inherit mobiles-cols_1 valign_top type_default stacking_default\"><div class=\"wpb_column vc_column_container\"><div class=\"vc_column-inner\"><div class=\"wpb_text_column\"><div class=\"wpb_wrapper\"><p>Aujourd\u2019hui, l\u2019offre d\u2019<strong>actions webmarketing \u00e0 la port\u00e9e des PME <\/strong>s\u2019\u00e9tend \u00e0 toute vitesse. La promotion des marques et produits est soumise \u00e0 une rude concurrence.<\/p>\n<p>Pour les entreprises qui souhaitent, au-del\u00e0 de la <a href=\"http:\/\/www.lirelasuite.fr\/creation-de-site-web\/\">cr\u00e9ation de leur site web<\/a> et de <a href=\"http:\/\/www.lirelasuite.fr\/gestion-des-reseaux-sociaux\/\">l\u2019animation naturelle de leurs r\u00e9seaux sociaux<\/a>, <strong>activer un maximum de leviers digitaux pertinents<\/strong>, profitez de nos services sp\u00e9cialis\u00e9s.<\/p>\n<\/div><\/div><\/div><\/div><\/div><\/div><\/section><section class=\"l-section wpb_row height_small\"><div class=\"l-section-h i-cf\"><div class=\"g-cols vc_row via_grid cols_1 laptops-cols_inherit tablets-cols_inherit mobiles-cols_1 valign_top type_default stacking_default\"><div class=\"wpb_column vc_column_container\"><div class=\"vc_column-inner\"><h2 class=\"w-text\"><span class=\"w-text-h\"><span class=\"w-text-value\">D\u00e9couvrez nos domaines d&rsquo;expertise et contactez-nous pour nous pr\u00e9senter vos projets et objectifs commerciaux.<\/span><\/span><\/h2><\/div><\/div><\/div><\/div><\/section><section class=\"l-section wpb_row height_small\"><div class=\"l-section-h i-cf\"><div class=\"g-cols vc_row via_grid cols_1 laptops-cols_inherit tablets-cols_inherit mobiles-cols_1 valign_top type_default stacking_default\"><div class=\"wpb_column vc_column_container\"><div class=\"vc_column-inner\"><div class=\"g-cols wpb_row via_grid cols_3 laptops-cols_inherit tablets-cols_inherit mobiles-cols_1 valign_top type_default stacking_default\" style=\"--columns-gap:3rem;\"><div class=\"wpb_column vc_column_container\"><div class=\"vc_column-inner\"><div class=\"wpb_text_column\"><div class=\"wpb_wrapper\"><h3 class=\"vc_custom_heading vc_do_custom_heading\"><strong>Campagnes SEA : Google et ses outils promotionnels<\/strong><\/h3>\n<div id=\"text-block-8\" class=\"mk-text-block jupiter-donut- \">\n<p>Si le <a href=\"http:\/\/www.lirelasuite.fr\/referencement-seo\/\">r\u00e9f\u00e9rencement naturel<\/a> (SEO) reste les premiers moteurs d\u2019une vie num\u00e9rique durable et de qualit\u00e9, les <strong>campagnes Adwords<\/strong> (recherche &amp; display) repr\u00e9sentent\u00a0un tremplin efficace et complet pour <strong>am\u00e9liorer rapidement, de mani\u00e8re ponctuelle ou r\u00e9guli\u00e8re, votre visibilit\u00e9 et vos conversions sur le web<\/strong>.<\/p>\n<\/div>\n<\/div><\/div><\/div><\/div><div class=\"wpb_column vc_column_container\"><div class=\"vc_column-inner\"><div class=\"wpb_text_column\"><div class=\"wpb_wrapper\"><h3 class=\"vc_custom_heading vc_do_custom_heading\"><strong>Marketplace &amp; diffusion de contenus<\/strong><\/h3>\n<div id=\"text-block-10\" class=\"mk-text-block jupiter-donut- \">\n<p>Pour promouvoir un contenu sp\u00e9cifique ou un produit particulier, <strong>d\u00e9couvrez les solutions offertes par les places de march\u00e9, comparateurs de prix ou sites de diffusion de contenus<\/strong>. Les objectifs sont multiples : gagner en visibilit\u00e9, toucher de nouvelles cibles et accro\u00eetre votre popularit\u00e9 sur le web<\/p>\n<\/div>\n<\/div><\/div><\/div><\/div><div class=\"wpb_column vc_column_container\"><div class=\"vc_column-inner\"><div class=\"wpb_text_column\"><div class=\"wpb_wrapper\"><h3 class=\"vc_custom_heading vc_do_custom_heading\"><strong>Emailing et Newsletters<\/strong><\/h3>\n<div id=\"text-block-12\" class=\"mk-text-block jupiter-donut- \">\n<p>En <strong>produisant et diffusant des newsletters de qualit\u00e9<\/strong>, vous profitez des avantages combin\u00e9 d\u2019une <strong>action d\u2019acquisition &amp; fid\u00e9lisation<\/strong>. L\u2019emailing et la diffusion aux bonnes cibles peut vous apporter visibilit\u00e9 et conversions au moment voulu. Vous souhaitez en savoir plus sur nos solutions emailing ? Contactez-nous.<\/p>\n<\/div>\n<\/div><\/div><\/div><\/div><\/div><div class=\"w-separator size_medium\"><\/div><div class=\"g-cols wpb_row via_grid cols_3 laptops-cols_inherit tablets-cols_inherit mobiles-cols_1 valign_top type_default stacking_default\" style=\"--columns-gap:3rem;\"><div class=\"wpb_column vc_column_container\"><div class=\"vc_column-inner\"><div class=\"wpb_text_column\"><div class=\"wpb_wrapper\"><h3 class=\"vc_custom_heading vc_do_custom_heading\"><strong>Facebook Ads : visibilit\u00e9 &amp; trafic<\/strong><\/h3>\n<div id=\"text-block-14\" class=\"mk-text-block jupiter-donut- \">\n<p>Promouvoir un contenu sur les r\u00e9seaux sociaux et exploiter son potentiel de viralit\u00e9, c\u2019est la cl\u00e9 d\u2019<strong>une action webmarketing performante et cibl\u00e9e avec\u00a0Facebook Ads. <\/strong>Captez l\u2019attention des bonnes personnes pour les inviter sur votre page Facebook, votre blog ou votre site.<\/p>\n<\/div>\n<\/div><\/div><\/div><\/div><div class=\"wpb_column vc_column_container\"><div class=\"vc_column-inner\"><div class=\"wpb_text_column\"><div class=\"wpb_wrapper\"><h3 class=\"vc_custom_heading vc_do_custom_heading\"><strong>Netlinking<\/strong><\/h3>\n<div id=\"text-block-16\" class=\"mk-text-block jupiter-donut- \">\n<p>Les activit\u00e9s li\u00e9es au Netlinking sont compl\u00e9mentaires aux activit\u00e9s SEO on-site. <strong>Les liens menant \u00e0 votre site sont autant de cl\u00e9s \u00e0 \u00e9tudier pour une visibilit\u00e9 accrue et la bienveillance des moteurs de recherche<\/strong>.<\/p>\n<\/div>\n<\/div><\/div><\/div><\/div><div class=\"wpb_column vc_column_container\"><div class=\"vc_column-inner\"><div class=\"wpb_text_column\"><div class=\"wpb_wrapper\"><h3 class=\"vc_custom_heading vc_do_custom_heading\"><strong>Audit de Site et des outils Webmarkeing<\/strong><\/h3>\n<p>Un audit du site Internet et des actions Marketing Web permet d\u2019\u00e9valuer en profondeur les performances afin d\u2019identifier ce qui freine la visibilit\u00e9 ou les conversions. En analysant les points techniques du site ou les KPI des op\u00e9rations marketing, l\u2019audit met en lumi\u00e8re les points forts et surtout les axes d\u2019am\u00e9lioration. C\u2019est une \u00e9tape strat\u00e9gique pour s\u2019assurer\u00a0 que les actions restent performantes, comp\u00e9titives et align\u00e9es avec les objectifs de l\u2019entreprise.<\/p>\n<\/div><\/div><\/div><\/div><\/div><\/div><\/div><\/div><\/div><\/section><section class=\"l-section wpb_row height_small\"><div class=\"l-section-h i-cf\"><div class=\"g-cols vc_row via_grid cols_1-4-1 laptops-cols_inherit tablets-cols_inherit mobiles-cols_1 valign_top type_default stacking_default\"><div class=\"wpb_column vc_column_container\"><div class=\"vc_column-inner\"><\/div><\/div><div class=\"wpb_column vc_column_container us_custom_1b75f4b0 has_text_color\"><div class=\"vc_column-overlay\" style=\"background:var(--color-content-primary)\"><\/div><div class=\"vc_column-inner\"><div class=\"wpb_text_column\"><div class=\"wpb_wrapper\"><h3><strong>Prenons rendez-vous,<\/strong><br \/>\n<strong>parlons de votre projet.<\/strong><\/h3>\n<\/div><\/div><div class=\"w-separator size_small with_line width_30 thick_1 style_solid color_text align_center\"><div class=\"w-separator-h\"><\/div><\/div><div class=\"w-btn-wrapper align_center\"><a class=\"w-btn us-btn-style_1\" href=\"https:\/\/clotures-vigreux.fr\/lirelasuite\/contact\/\"><span class=\"w-btn-label\">Contactez-nous<\/span><\/a><\/div><\/div><\/div><div class=\"wpb_column vc_column_container\"><div class=\"vc_column-inner\"><\/div><\/div><\/div><\/div><\/section>\n","protected":false},"excerpt":{"rendered":"Webmarketing les leviers pour g\u00e9n\u00e9rer des leads Le webmarketing ROiste, mener des campagnes pertinentes et performantes pour atteindre vos objectifs commerciaux Aujourd\u2019hui, l\u2019offre d\u2019actions webmarketing \u00e0 la port\u00e9e des PME s\u2019\u00e9tend \u00e0 toute vitesse. La promotion des marques et produits est soumise \u00e0 une rude concurrence. Pour les entreprises qui souhaitent, au-del\u00e0 de la cr\u00e9ation...","protected":false},"author":1,"featured_media":0,"parent":0,"menu_order":0,"comment_status":"closed","ping_status":"closed","template":"","meta":{"footnotes":""},"class_list":["post-99","page","type-page","status-publish","hentry"],"_links":{"self":[{"href":"https:\/\/clotures-vigreux.fr\/lirelasuite\/wp-json\/wp\/v2\/pages\/99","targetHints":{"allow":["GET"]}}],"collection":[{"href":"https:\/\/clotures-vigreux.fr\/lirelasuite\/wp-json\/wp\/v2\/pages"}],"about":[{"href":"https:\/\/clotures-vigreux.fr\/lirelasuite\/wp-json\/wp\/v2\/types\/page"}],"author":[{"embeddable":true,"href":"https:\/\/clotures-vigreux.fr\/lirelasuite\/wp-json\/wp\/v2\/users\/1"}],"replies":[{"embeddable":true,"href":"https:\/\/clotures-vigreux.fr\/lirelasuite\/wp-json\/wp\/v2\/comments?post=99"}],"version-history":[{"count":6,"href":"https:\/\/clotures-vigreux.fr\/lirelasuite\/wp-json\/wp\/v2\/pages\/99\/revisions"}],"predecessor-version":[{"id":189,"href":"https:\/\/clotures-vigreux.fr\/lirelasuite\/wp-json\/wp\/v2\/pages\/99\/revisions\/189"}],"wp:attachment":[{"href":"https:\/\/clotures-vigreux.fr\/lirelasuite\/wp-json\/wp\/v2\/media?parent=99"}],"curies":[{"name":"wp","href":"https:\/\/api.w.org\/{rel}","templated":true}]}}